{"id":709,"date":"2015-11-11T14:40:47","date_gmt":"2015-11-11T14:40:47","guid":{"rendered":"http:\/\/www.seoexpert.rs\/blog\/?page_id=709"},"modified":"2017-07-25T12:07:34","modified_gmt":"2017-07-25T12:07:34","slug":"ukljuci-se","status":"publish","type":"page","link":"https:\/\/www.seoexpert.rs\/blog\/ukljuci-se\/","title":{"rendered":"Uklju\u010di se!"},"content":{"rendered":"<p>Na\u0161a agencija je stalno otvorena za honorarne saradnike.<\/p>\n<p>Znanja i ve\u0161tine koje nam naj\u010de\u0161\u0107e trebaju su:<\/p>\n<p>&#8211; Kreativci u pisanju,<br \/>\n&#8211; Blogeri i foruma\u0161i,<br \/>\n&#8211; Prevodioci,<br \/>\n&#8211; Aktivisti sa socijalnih mre\u017ea,<br \/>\n&#8211; IT stru\u010dnjci za AdWords, PPC, web dizajn, programiranje,<br \/>\n&#8211; Multidisciplinarci<\/p>\n<p><span style=\"line-height: 1.71429; font-size: 1rem;\">Imate <strong>svoj blog<\/strong>, forum, portal ili posebno dizajniran sajt? <\/span><\/p>\n<p><span style=\"line-height: 1.71429; font-size: 1rem;\">Aktivni ste na Fejsu, Tviteru, Instagramu, Youtubu?<\/span><\/p>\n<p>Zanimaju Vas Google servisi, volite optimizaciju na pretra\u017eiva\u010dima i\u00a0<strong>\u017eelite da osvojite nova znanja i radite na ozbiljnim SEO projektima<\/strong>?<\/p>\n<p>&nbsp;<\/p>\n<p>Svaki anga\u017eman se pla\u0107a, a za vi\u0161e detalja\u00a0kontaktirajte nas na\u00a0<a href=\"mail-to:info@seoexpert.rs\">info@seoexpert.rs<\/a>, mo\u017eete nas zapratiti preko socijalnih profila:<\/p>\n<p><strong><a href=\"https:\/\/www.facebook.com\/seoexpertsrbija\/\">https:\/\/www.facebook.com\/seoexpertsrbija\/<\/a>\u00a0i\u00a0<a href=\"https:\/\/twitter.com\/SeoExpert_rs\">https:\/\/twitter.com\/SeoExpert_rs<\/a><\/strong><\/p>\n<p>tj.\u00a0<strong>po\u0161aljite nam svoj CV, reference ili portfolio radova<\/strong>.<\/p>\n<p>Srda\u010dno,<br \/>\nMilan Todorovi\u0107, dipl. ing,<br \/>\nVlasnik <a href=\"https:\/\/www.seoexpert.rs\/\"><strong>agencije SeoExpert.rs<\/strong><\/a><\/p>\n","protected":false},"excerpt":{"rendered":"<p>Na\u0161a agencija je stalno otvorena za honorarne saradnike. Znanja i ve\u0161tine koje nam naj\u010de\u0161\u0107e trebaju su: &#8211; Kreativci u pisanju, &#8211; Blogeri i foruma\u0161i, &#8211; Prevodioci, &#8211; Aktivisti sa socijalnih mre\u017ea, &#8211; IT stru\u010dnjci za AdWords, PPC, web dizajn, programiranje, &#8211; Multidisciplinarci Imate svoj blog, forum, portal ili posebno dizajniran sajt? Aktivni ste na Fejsu, [&hellip;]<\/p>\n","protected":false},"author":1,"featured_media":0,"parent":0,"menu_order":0,"comment_status":"open","ping_status":"closed","template":"","meta":{"footnotes":""},"class_list":["post-709","page","type-page","status-publish","hentry"],"aioseo_notices":[],"_links":{"self":[{"href":"https:\/\/www.seoexpert.rs\/blog\/wp-json\/wp\/v2\/pages\/709","targetHints":{"allow":["GET"]}}],"collection":[{"href":"https:\/\/www.seoexpert.rs\/blog\/wp-json\/wp\/v2\/pages"}],"about":[{"href":"https:\/\/www.seoexpert.rs\/blog\/wp-json\/wp\/v2\/types\/page"}],"author":[{"embeddable":true,"href":"https:\/\/www.seoexpert.rs\/blog\/wp-json\/wp\/v2\/users\/1"}],"replies":[{"embeddable":true,"href":"https:\/\/www.seoexpert.rs\/blog\/wp-json\/wp\/v2\/comments?post=709"}],"version-history":[{"count":5,"href":"https:\/\/www.seoexpert.rs\/blog\/wp-json\/wp\/v2\/pages\/709\/revisions"}],"predecessor-version":[{"id":1861,"href":"https:\/\/www.seoexpert.rs\/blog\/wp-json\/wp\/v2\/pages\/709\/revisions\/1861"}],"wp:attachment":[{"href":"https:\/\/www.seoexpert.rs\/blog\/wp-json\/wp\/v2\/media?parent=709"}],"curies":[{"name":"wp","href":"https:\/\/api.w.org\/{rel}","templated":true}]}}